{"id":718,"date":"2021-06-12T21:14:32","date_gmt":"2021-06-12T19:14:32","guid":{"rendered":"http:\/\/www.fgs-hoever.de\/cms-prod\/?page_id=718"},"modified":"2026-03-13T18:44:21","modified_gmt":"2026-03-13T17:44:21","slug":"ueber-uns","status":"publish","type":"page","link":"http:\/\/www.fgs-hoever.de\/cms-prod\/ueber-uns\/","title":{"rendered":"\u00dcber uns"},"content":{"rendered":"<div data-colibri-id=\"718-c1\" class=\"style-663 style-local-718-c1 position-relative\">\n  <!---->\n  <div data-colibri-component=\"section\" data-colibri-id=\"718-c6\" id=\"about\" class=\"h-section h-section-global-spacing d-flex align-items-lg-center align-items-md-center align-items-center style-668 style-local-718-c6 position-relative\">\n    <!---->\n    <!---->\n    <div class=\"h-section-grid-container h-section-boxed-container\">\n      <!---->\n      <div data-colibri-id=\"718-c7\" class=\"h-row-container gutters-row-lg-0 gutters-row-md-0 gutters-row-0 gutters-row-v-lg-0 gutters-row-v-md-0 gutters-row-v-0 style-669 style-local-718-c7 position-relative\">\n        <!---->\n        <div class=\"h-row justify-content-lg-center justify-content-md-center justify-content-center align-items-lg-stretch align-items-md-stretch align-items-stretch gutters-col-lg-0 gutters-col-md-0 gutters-col-0 gutters-col-v-lg-0 gutters-col-v-md-0 gutters-col-v-0\">\n          <!---->\n          <div class=\"h-column h-column-container d-flex h-col-lg-auto h-col-md-auto h-col-auto style-670-outer style-local-718-c8-outer\">\n            <div data-colibri-id=\"718-c8\" class=\"d-flex h-flex-basis h-column__inner h-ui-empty-state-container h-px-lg-0 h-px-md-0 h-px-0 v-inner-lg-0 v-inner-md-0 v-inner-0 style-670 style-local-718-c8 position-relative\">\n              <!---->\n              <!---->\n              <div class=\"w-100 h-y-container h-column__content h-column__v-align flex-basis-100\">\n                <!---->\n              <\/div>\n            <\/div>\n          <\/div>\n          <div class=\"h-column h-column-container d-flex h-col-lg-auto h-col-md-auto h-col-auto style-671-outer style-local-718-c9-outer\">\n            <div data-colibri-id=\"718-c9\" class=\"d-flex h-flex-basis h-column__inner h-px-lg-2 h-px-md-2 h-px-2 v-inner-lg-2 v-inner-md-2 v-inner-2 style-671 style-local-718-c9 position-relative\">\n              <!---->\n              <!---->\n              <div class=\"w-100 h-y-container h-column__content h-column__v-align flex-basis-100 align-self-lg-start align-self-md-start align-self-start\">\n                <!---->\n                <div data-colibri-id=\"718-c10\" class=\"h-global-transition-all h-heading style-672 style-local-718-c10 position-relative h-element\">\n                  <!---->\n                  <div class=\"h-heading__outer style-672 style-local-718-c10\">\n                    <!---->\n                    <!---->\n                    <h5 class=\"\">\u00dcber uns<\/h5>\n                  <\/div>\n                <\/div>\n                <div data-colibri-id=\"718-c11\" class=\"h-global-transition-all h-heading style-673 style-local-718-c11 position-relative h-element\">\n                  <!---->\n                  <div class=\"h-heading__outer style-673 style-local-718-c11\">\n                    <!---->\n                    <!---->\n                    <h2 class=\"\">Gemeinsam etwas <em style=\"font-family: &quot;Playfair Display&quot;;\">bewegen<\/em><\/h2>\n                  <\/div>\n                <\/div>\n                <div data-colibri-id=\"718-c12\" class=\"h-text h-text-component style-674 style-local-718-c12 position-relative h-element\">\n                  <!---->\n                  <!---->\n                  <div class=\"\">\n                    <p><strong>Wir f\u00f6rdern und gestalten Schule \u2013 mit zahlreichen gro\u00dfen und kleinen Projekten, die praktisch &amp; lebensnah sind. Von Schulplaner bis ADAC-Fahrradtraining, von Schulfest oder B\u00fccherei bis zum Weihnachtsbaum: Der F\u00f6rderverein ist \u00fcberall wirksam und kommt allen Kindern der Grundschule H\u00f6ver zugute. <\/strong><\/p>\n                    <p>Wir arbeiten meistens im Hintergrund, sind \u201edie guten Feen\u201c, die vieles m\u00f6glich machen und doch wirkt unsere Arbeit bis in jede einzelne Klasse hinein. Der Vorstand des F\u00f6rdervereins GS H\u00f6ver e.V.: Das sind seit Herbst letzten Jahres\n                      Lucia Angermann, Daniela Waschke, Sandy Mukielka und Christina Flemming.<\/p>\n                    <p>F\u00fcr unsere Arbeit brauchen wir Eure Unterst\u00fctzung &#8211; jetzt Mitglied werden und mit 12 Euro im Jahr Gutes bewirken!<\/p>\n                  <\/div>\n                <\/div>\n              <\/div>\n            <\/div>\n          <\/div>\n        <\/div>\n      <\/div>\n    <\/div>\n  <\/div>\n<\/div>","protected":false},"excerpt":{"rendered":"<p>\u00dcber uns Gemeinsam etwas bewegen Wir f\u00f6rdern und gestalten Schule \u2013 mit zahlreichen gro\u00dfen und kleinen Projekten, die praktisch &amp; lebensnah sind. Von Schulplaner bis ADAC-Fahrradtraining, von Schulfest oder B\u00fccherei [&hellip;]<\/p>\n","protected":false},"author":1,"featured_media":1190,"parent":0,"menu_order":0,"comment_status":"closed","ping_status":"closed","template":"page-templates\/full-width-page.php","meta":{"footnotes":""},"class_list":["post-718","page","type-page","status-publish","has-post-thumbnail","hentry"],"_links":{"self":[{"href":"http:\/\/www.fgs-hoever.de\/cms-prod\/wp-json\/wp\/v2\/pages\/718","targetHints":{"allow":["GET"]}}],"collection":[{"href":"http:\/\/www.fgs-hoever.de\/cms-prod\/wp-json\/wp\/v2\/pages"}],"about":[{"href":"http:\/\/www.fgs-hoever.de\/cms-prod\/wp-json\/wp\/v2\/types\/page"}],"author":[{"embeddable":true,"href":"http:\/\/www.fgs-hoever.de\/cms-prod\/wp-json\/wp\/v2\/users\/1"}],"replies":[{"embeddable":true,"href":"http:\/\/www.fgs-hoever.de\/cms-prod\/wp-json\/wp\/v2\/comments?post=718"}],"version-history":[{"count":5,"href":"http:\/\/www.fgs-hoever.de\/cms-prod\/wp-json\/wp\/v2\/pages\/718\/revisions"}],"predecessor-version":[{"id":1203,"href":"http:\/\/www.fgs-hoever.de\/cms-prod\/wp-json\/wp\/v2\/pages\/718\/revisions\/1203"}],"wp:featuredmedia":[{"embeddable":true,"href":"http:\/\/www.fgs-hoever.de\/cms-prod\/wp-json\/wp\/v2\/media\/1190"}],"wp:attachment":[{"href":"http:\/\/www.fgs-hoever.de\/cms-prod\/wp-json\/wp\/v2\/media?parent=718"}],"curies":[{"name":"wp","href":"https:\/\/api.w.org\/{rel}","templated":true}]}}